{"id":56,"date":"2022-12-16T10:27:03","date_gmt":"2022-12-16T15:27:03","guid":{"rendered":"https:\/\/patadepeektravel.com\/blog\/?page_id=56"},"modified":"2026-01-19T10:33:29","modified_gmt":"2026-01-19T15:33:29","slug":"destinos-baratos-en-mexico","status":"publish","type":"page","link":"https:\/\/patadepeektravel.com\/blog\/","title":{"rendered":"Tours en Canc\u00fan"},"content":{"rendered":"<div style='text-align:right' class='yasr-auto-insert-visitor'><\/div>\t\t<div data-elementor-type=\"wp-page\" data-elementor-id=\"56\" class=\"elementor elementor-56\" data-elementor-post-type=\"page\">\n\t\t\t\t\t\t<section class=\"elementor-section elementor-top-section elementor-element elementor-element-c48ec3b elementor-section-boxed elementor-section-height-default elementor-section-height-default\" data-id=\"c48ec3b\" data-element_type=\"section\">\n\t\t\t\t\t\t<div class=\"elementor-container elementor-column-gap-default\">\n\t\t\t\t\t<div class=\"elementor-column elementor-col-100 elementor-top-column elementor-element elementor-element-42d567a\" data-id=\"42d567a\" data-element_type=\"column\">\n\t\t\t<div class=\"elementor-widget-wrap elementor-element-populated\">\n\t\t\t\t\t\t<div class=\"elementor-element elementor-element-f943349 anwp-pg-post-teaser__post-icon--size-16 elementor-widget elementor-widget-anwp-pg-hero-block\" data-id=\"f943349\" data-element_type=\"widget\" data-widget_type=\"anwp-pg-hero-block.default\">\n\t\t\t\t<div class=\"elementor-widget-container\">\n\t\t\t\t\t<div class=\"anwp-pg-wrap\">\n\t<div class=\"d-flex anwp-row flex-wrap anwp-no-gutters anwp-pg-hero-block anwp-pg-posts-wrapper anwp-pg-gutter--thin\">\n\n\t\t<div class=\"anwp-col-sm-9 anwp-col-lg-6 anwp-pg-height-2x anwp-pg-hero-main-block-wrapper\">\n\t\t\t<div class=\"anwp-pg-post-teaser anwp-pg-post-teaser--layout-a anwp-pg-hero-main-block my-0\">\n\t<div class=\"anwp-pg-post-teaser__thumbnail position-relative\">\n\n\t\t\n\t\t\t\t\t<img decoding=\"async\" loading=\"lazy\" class=\"anwp-pg-post-teaser__thumbnail-img d-block anwp-pg-height-180 anwp-object-cover m-0 w-100\" alt=\"Xplor 2026 Viviendo la Aventura al M\u00e1ximo\" src=\"https:\/\/patadepeektravel.com\/blog\/wp-content\/uploads\/xplor-park.webp\" title=\"\">\n\t\t\n\t\t<div class=\"anwp-pg-post-teaser__muted_bg\"><\/div>\n\t\t<div class=\"anwp-pg-post-teaser__thumbnail-bg anwp-position-cover\"><\/div>\n\n\t\t<div class=\"anwp-pg-post-teaser__content d-flex flex-column anwp-position-cover\">\n\t\t\t<div class=\"anwp-pg-post-teaser__top-meta d-flex mb-2\">\n\t\t\t\t\t\t\t<\/div>\n\n\t\t\t\t\t\t\t<div class=\"d-flex flex-column anwp-pg-post-teaser__category-column ml-auto\">\n\t\t\t\t\t<div class=\"anwp-pg-category__wrapper-filled px-2 d-flex align-items-center anwp-pg-post-teaser__category-wrapper align-self-end anwp-pg-category-parent-0\" style=\"background-color: #009bdf\"><span>Canc\u00fan<\/span><\/div>\t\t\t\t<\/div>\n\t\t\t\n\t\t\t<div class=\"anwp-pg-post-teaser__title anwp-font-heading mt-auto mb-1\">\n\t\t\t\tXplor 2026 Viviendo la Aventura al M\u00e1ximo\t\t\t<\/div>\n\n\t\t\t\t\t\t\t<div class=\"mb-2\"><\/div>\n\t\t\t\t\t<\/div>\n\n\t\t<a class=\"anwp-position-cover anwp-link-without-effects\" href=\"https:\/\/patadepeektravel.com\/blog\/tour-xplor\/\" aria-hidden=\"true\" ><\/a>\n\t<\/div>\n<\/div>\n\t\t<\/div>\n\t\t<div class=\"anwp-col-sm-3 anwp-pg-hero-secondary-block-wrapper\">\n\t\t\t<div class=\"anwp-pg-post-teaser anwp-pg-post-teaser--layout-a anwp-pg-hero-secondary-block\">\n\t<div class=\"anwp-pg-post-teaser__thumbnail position-relative\">\n\n\t\t\n\t\t\t\t\t<img decoding=\"async\" loading=\"lazy\" class=\"anwp-pg-post-teaser__thumbnail-img d-block anwp-pg-height-180 anwp-object-cover m-0 w-100\" alt=\"Aventuras Mayas 2026 el Mejor Tour de la Rivera Maya\" src=\"https:\/\/patadepeektravel.com\/blog\/wp-content\/uploads\/tirolesa-aventuras-mayas.webp\" title=\"\">\n\t\t\n\t\t<div class=\"anwp-pg-post-teaser__muted_bg\"><\/div>\n\t\t<div class=\"anwp-pg-post-teaser__thumbnail-bg anwp-position-cover\"><\/div>\n\n\t\t<div class=\"anwp-pg-post-teaser__content d-flex flex-column anwp-position-cover\">\n\t\t\t<div class=\"anwp-pg-post-teaser__top-meta d-flex mb-2\">\n\t\t\t\t\t\t\t<\/div>\n\n\t\t\t\t\t\t\t<div class=\"d-flex flex-column anwp-pg-post-teaser__category-column ml-auto\">\n\t\t\t\t\t<div class=\"anwp-pg-category__wrapper-filled px-2 d-flex align-items-center anwp-pg-post-teaser__category-wrapper align-self-end anwp-pg-category-parent-0\" style=\"background-color: #009bdf\"><span>Canc\u00fan<\/span><\/div>\t\t\t\t<\/div>\n\t\t\t\n\t\t\t<div class=\"anwp-pg-post-teaser__title anwp-font-heading mt-auto mb-1\">\n\t\t\t\tAventuras Mayas 2026 el Mejor Tour de la Rivera Maya\t\t\t<\/div>\n\n\t\t\t\t\t\t\t<div class=\"mb-2\"><\/div>\n\t\t\t\t\t<\/div>\n\n\t\t<a class=\"anwp-position-cover anwp-link-without-effects\" href=\"https:\/\/patadepeektravel.com\/blog\/aventuras-mayas-el-mejor-tour-de-la-rivera-maya\/\" aria-hidden=\"true\" ><\/a>\n\t<\/div>\n<\/div>\n<div class=\"anwp-pg-post-teaser anwp-pg-post-teaser--layout-a anwp-pg-hero-secondary-block\">\n\t<div class=\"anwp-pg-post-teaser__thumbnail position-relative\">\n\n\t\t\n\t\t\t\t\t<img decoding=\"async\" loading=\"lazy\" class=\"anwp-pg-post-teaser__thumbnail-img d-block anwp-pg-height-180 anwp-object-cover m-0 w-100\" alt=\"2026 \u00bfQu\u00e9 Hacer en Canc\u00fan con Poco Dinero?\" src=\"https:\/\/patadepeektravel.com\/blog\/wp-content\/uploads\/cancun-en-vacaciones.jpg\" title=\"\">\n\t\t\n\t\t<div class=\"anwp-pg-post-teaser__muted_bg\"><\/div>\n\t\t<div class=\"anwp-pg-post-teaser__thumbnail-bg anwp-position-cover\"><\/div>\n\n\t\t<div class=\"anwp-pg-post-teaser__content d-flex flex-column anwp-position-cover\">\n\t\t\t<div class=\"anwp-pg-post-teaser__top-meta d-flex mb-2\">\n\t\t\t\t\t\t\t<\/div>\n\n\t\t\t\t\t\t\t<div class=\"d-flex flex-column anwp-pg-post-teaser__category-column ml-auto\">\n\t\t\t\t\t<div class=\"anwp-pg-category__wrapper-filled px-2 d-flex align-items-center anwp-pg-post-teaser__category-wrapper align-self-end anwp-pg-category-parent-0\" style=\"background-color: #009bdf\"><span>Canc\u00fan<\/span><\/div>\t\t\t\t<\/div>\n\t\t\t\n\t\t\t<div class=\"anwp-pg-post-teaser__title anwp-font-heading mt-auto mb-1\">\n\t\t\t\t2026 \u00bfQu\u00e9 Hacer en Canc\u00fan con Poco Dinero?\t\t\t<\/div>\n\n\t\t\t\t\t\t\t<div class=\"mb-2\"><\/div>\n\t\t\t\t\t<\/div>\n\n\t\t<a class=\"anwp-position-cover anwp-link-without-effects\" href=\"https:\/\/patadepeektravel.com\/blog\/que-hacer-en-cancun-con-poco-dinero\/\" aria-hidden=\"true\" ><\/a>\n\t<\/div>\n<\/div>\n\t\t<\/div>\n\t\t<div class=\"anwp-col-sm-3 anwp-pg-hero-secondary-block-wrapper d-sm-none d-lg-block\">\n\t\t\t<div class=\"anwp-pg-post-teaser anwp-pg-post-teaser--layout-a anwp-pg-hero-secondary-block\">\n\t<div class=\"anwp-pg-post-teaser__thumbnail position-relative\">\n\n\t\t\n\t\t\t\t\t<img decoding=\"async\" loading=\"lazy\" class=\"anwp-pg-post-teaser__thumbnail-img d-block anwp-pg-height-180 anwp-object-cover m-0 w-100\" alt=\"Alcanza las Alturas con el Mejor Parasailing en Canc\u00fan\" src=\"https:\/\/patadepeektravel.com\/blog\/wp-content\/uploads\/parasailing-cancun-1.png\" title=\"\">\n\t\t\n\t\t<div class=\"anwp-pg-post-teaser__muted_bg\"><\/div>\n\t\t<div class=\"anwp-pg-post-teaser__thumbnail-bg anwp-position-cover\"><\/div>\n\n\t\t<div class=\"anwp-pg-post-teaser__content d-flex flex-column anwp-position-cover\">\n\t\t\t<div class=\"anwp-pg-post-teaser__top-meta d-flex mb-2\">\n\t\t\t\t\t\t\t<\/div>\n\n\t\t\t\t\t\t\t<div class=\"d-flex flex-column anwp-pg-post-teaser__category-column ml-auto\">\n\t\t\t\t\t<div class=\"anwp-pg-category__wrapper-filled px-2 d-flex align-items-center anwp-pg-post-teaser__category-wrapper align-self-end anwp-pg-category-parent-0\" style=\"background-color: #009bdf\"><span>Canc\u00fan<\/span><\/div>\t\t\t\t<\/div>\n\t\t\t\n\t\t\t<div class=\"anwp-pg-post-teaser__title anwp-font-heading mt-auto mb-1\">\n\t\t\t\tAlcanza las Alturas con el Mejor Parasailing en Canc\u00fan\t\t\t<\/div>\n\n\t\t\t\t\t\t\t<div class=\"mb-2\"><\/div>\n\t\t\t\t\t<\/div>\n\n\t\t<a class=\"anwp-position-cover anwp-link-without-effects\" href=\"https:\/\/patadepeektravel.com\/blog\/parasailing-en-cancun\/\" aria-hidden=\"true\" ><\/a>\n\t<\/div>\n<\/div>\n<div class=\"anwp-pg-post-teaser anwp-pg-post-teaser--layout-a anwp-pg-hero-secondary-block\">\n\t<div class=\"anwp-pg-post-teaser__thumbnail position-relative\">\n\n\t\t\n\t\t\t\t\t<img decoding=\"async\" loading=\"lazy\" class=\"anwp-pg-post-teaser__thumbnail-img d-block anwp-pg-height-180 anwp-object-cover m-0 w-100\" alt=\"Catamar\u00e1n Todo Incluido a Isla Mujeres con Buffet y Barra Libre\" src=\"https:\/\/patadepeektravel.com\/blog\/wp-content\/uploads\/catamaran-todo-incluido.jpg\" title=\"\">\n\t\t\n\t\t<div class=\"anwp-pg-post-teaser__muted_bg\"><\/div>\n\t\t<div class=\"anwp-pg-post-teaser__thumbnail-bg anwp-position-cover\"><\/div>\n\n\t\t<div class=\"anwp-pg-post-teaser__content d-flex flex-column anwp-position-cover\">\n\t\t\t<div class=\"anwp-pg-post-teaser__top-meta d-flex mb-2\">\n\t\t\t\t\t\t\t<\/div>\n\n\t\t\t\t\t\t\t<div class=\"d-flex flex-column anwp-pg-post-teaser__category-column ml-auto\">\n\t\t\t\t\t<div class=\"anwp-pg-category__wrapper-filled px-2 d-flex align-items-center anwp-pg-post-teaser__category-wrapper align-self-end anwp-pg-category-parent-0\" style=\"background-color: #009bdf\"><span>Canc\u00fan<\/span><\/div>\t\t\t\t<\/div>\n\t\t\t\n\t\t\t<div class=\"anwp-pg-post-teaser__title anwp-font-heading mt-auto mb-1\">\n\t\t\t\tCatamar\u00e1n Todo Incluido a Isla Mujeres con Buffet y Barra Libre\t\t\t<\/div>\n\n\t\t\t\t\t\t\t<div class=\"mb-2\"><\/div>\n\t\t\t\t\t<\/div>\n\n\t\t<a class=\"anwp-position-cover anwp-link-without-effects\" href=\"https:\/\/patadepeektravel.com\/blog\/catamaran-todo-incluido\/\" aria-hidden=\"true\" ><\/a>\n\t<\/div>\n<\/div>\n\t\t<\/div>\n\t<\/div>\n<\/div>\n\t\t\t\t<\/div>\n\t\t\t\t<\/div>\n\t\t\t\t\t<\/div>\n\t\t<\/div>\n\t\t\t\t\t<\/div>\n\t\t<\/section>\n\t\t\t\t<section class=\"elementor-section elementor-top-section elementor-element elementor-element-dfda9be elementor-section-boxed elementor-section-height-default elementor-section-height-default\" data-id=\"dfda9be\" data-element_type=\"section\">\n\t\t\t\t\t\t<div class=\"elementor-container elementor-column-gap-default\">\n\t\t\t\t\t<div class=\"elementor-column elementor-col-100 elementor-top-column elementor-element elementor-element-4a360c3\" data-id=\"4a360c3\" data-element_type=\"column\">\n\t\t\t<div class=\"elementor-widget-wrap elementor-element-populated\">\n\t\t\t\t\t\t<div class=\"elementor-element elementor-element-db51894 elementor-grid-3 elementor-grid-tablet-2 elementor-grid-mobile-1 elementor-posts--thumbnail-top elementor-widget elementor-widget-posts\" data-id=\"db51894\" data-element_type=\"widget\" data-settings=\"{&quot;classic_columns&quot;:&quot;3&quot;,&quot;classic_columns_tablet&quot;:&quot;2&quot;,&quot;classic_columns_mobile&quot;:&quot;1&quot;,&quot;classic_row_gap&quot;:{&quot;unit&quot;:&quot;px&quot;,&quot;size&quot;:35,&quot;sizes&quot;:[]},&quot;classic_row_gap_tablet&quot;:{&quot;unit&quot;:&quot;px&quot;,&quot;size&quot;:&quot;&quot;,&quot;sizes&quot;:[]},&quot;classic_row_gap_mobile&quot;:{&quot;unit&quot;:&quot;px&quot;,&quot;size&quot;:&quot;&quot;,&quot;sizes&quot;:[]}}\" data-widget_type=\"posts.classic\">\n\t\t\t\t<div class=\"elementor-widget-container\">\n\t\t\t\t\t\t\t<div class=\"elementor-posts-container elementor-posts elementor-posts--skin-classic elementor-grid\" role=\"list\">\n\t\t\t\t<article class=\"elementor-post elementor-grid-item post-3145 post type-post status-publish format-standard has-post-thumbnail hentry category-cancun category-recomendaciones\" role=\"listitem\">\n\t\t\t\t<a class=\"elementor-post__thumbnail__link\" href=\"https:\/\/patadepeektravel.com\/blog\/que-hacer-en-cancun-con-poco-dinero\/\" tabindex=\"-1\" >\n\t\t\t<div class=\"elementor-post__thumbnail\"><img fetchpriority=\"high\" decoding=\"async\" width=\"300\" height=\"200\" src=\"https:\/\/patadepeektravel.com\/blog\/wp-content\/uploads\/cancun-en-vacaciones-300x200.jpg\" class=\"attachment-medium size-medium wp-image-3146\" alt=\"canc\u00fan en vacaciones\" title=\"\" srcset=\"https:\/\/patadepeektravel.com\/blog\/wp-content\/uploads\/cancun-en-vacaciones-300x200.jpg 300w, https:\/\/patadepeektravel.com\/blog\/wp-content\/uploads\/cancun-en-vacaciones-150x100.jpg 150w, https:\/\/patadepeektravel.com\/blog\/wp-content\/uploads\/cancun-en-vacaciones-18x12.jpg 18w, https:\/\/patadepeektravel.com\/blog\/wp-content\/uploads\/cancun-en-vacaciones.jpg 574w\" sizes=\"(max-width: 300px) 100vw, 300px\" \/><\/div>\n\t\t<\/a>\n\t\t\t\t<div class=\"elementor-post__text\">\n\t\t\t\t<h3 class=\"elementor-post__title\">\n\t\t\t<a href=\"https:\/\/patadepeektravel.com\/blog\/que-hacer-en-cancun-con-poco-dinero\/\" >\n\t\t\t\t2026 \u00bfQu\u00e9 Hacer en Canc\u00fan con Poco Dinero?\t\t\t<\/a>\n\t\t<\/h3>\n\t\t\n\t\t<a class=\"elementor-post__read-more\" href=\"https:\/\/patadepeektravel.com\/blog\/que-hacer-en-cancun-con-poco-dinero\/\" aria-label=\"Read more about 2026 \u00bfQu\u00e9 Hacer en Canc\u00fan con Poco Dinero?\" tabindex=\"-1\" >\n\t\t\tRead More \u00bb\t\t<\/a>\n\n\t\t\t\t<\/div>\n\t\t\t\t<\/article>\n\t\t\t\t<article class=\"elementor-post elementor-grid-item post-2322 post type-post status-publish format-standard has-post-thumbnail hentry category-cancun\" role=\"listitem\">\n\t\t\t\t<a class=\"elementor-post__thumbnail__link\" href=\"https:\/\/patadepeektravel.com\/blog\/playa-para-mascotas-en-cancun\/\" tabindex=\"-1\" >\n\t\t\t<div class=\"elementor-post__thumbnail\"><img decoding=\"async\" width=\"300\" height=\"256\" src=\"https:\/\/patadepeektravel.com\/blog\/wp-content\/uploads\/WhatsApp-Image-2023-06-03-at-11.43.59-AM-1-300x256.jpeg\" class=\"attachment-medium size-medium wp-image-2353\" alt=\"playa para perros\" title=\"\" srcset=\"https:\/\/patadepeektravel.com\/blog\/wp-content\/uploads\/WhatsApp-Image-2023-06-03-at-11.43.59-AM-1-300x256.jpeg 300w, https:\/\/patadepeektravel.com\/blog\/wp-content\/uploads\/WhatsApp-Image-2023-06-03-at-11.43.59-AM-1-150x128.jpeg 150w, https:\/\/patadepeektravel.com\/blog\/wp-content\/uploads\/WhatsApp-Image-2023-06-03-at-11.43.59-AM-1-14x12.jpeg 14w, https:\/\/patadepeektravel.com\/blog\/wp-content\/uploads\/WhatsApp-Image-2023-06-03-at-11.43.59-AM-1.jpeg 473w\" sizes=\"(max-width: 300px) 100vw, 300px\" \/><\/div>\n\t\t<\/a>\n\t\t\t\t<div class=\"elementor-post__text\">\n\t\t\t\t<h3 class=\"elementor-post__title\">\n\t\t\t<a href=\"https:\/\/patadepeektravel.com\/blog\/playa-para-mascotas-en-cancun\/\" >\n\t\t\t\tPlaya para Mascotas en Canc\u00fan\t\t\t<\/a>\n\t\t<\/h3>\n\t\t\n\t\t<a class=\"elementor-post__read-more\" href=\"https:\/\/patadepeektravel.com\/blog\/playa-para-mascotas-en-cancun\/\" aria-label=\"Read more about Playa para Mascotas en Canc\u00fan\" tabindex=\"-1\" >\n\t\t\tRead More \u00bb\t\t<\/a>\n\n\t\t\t\t<\/div>\n\t\t\t\t<\/article>\n\t\t\t\t<article class=\"elementor-post elementor-grid-item post-2727 post type-post status-publish format-standard has-post-thumbnail hentry category-tulum\" role=\"listitem\">\n\t\t\t\t<a class=\"elementor-post__thumbnail__link\" href=\"https:\/\/patadepeektravel.com\/blog\/datos-curiosos-cenotes-casa-tortuga\/\" tabindex=\"-1\" >\n\t\t\t<div class=\"elementor-post__thumbnail\"><img decoding=\"async\" width=\"300\" height=\"200\" src=\"https:\/\/patadepeektravel.com\/blog\/wp-content\/uploads\/yo-amo-casa-tortugas-300x200.png\" class=\"attachment-medium size-medium wp-image-2743\" alt=\"yo amo casa tortugas\" title=\"\" srcset=\"https:\/\/patadepeektravel.com\/blog\/wp-content\/uploads\/yo-amo-casa-tortugas-300x200.png 300w, https:\/\/patadepeektravel.com\/blog\/wp-content\/uploads\/yo-amo-casa-tortugas-150x100.png 150w, https:\/\/patadepeektravel.com\/blog\/wp-content\/uploads\/yo-amo-casa-tortugas-18x12.png 18w, https:\/\/patadepeektravel.com\/blog\/wp-content\/uploads\/yo-amo-casa-tortugas.png 600w\" sizes=\"(max-width: 300px) 100vw, 300px\" \/><\/div>\n\t\t<\/a>\n\t\t\t\t<div class=\"elementor-post__text\">\n\t\t\t\t<h3 class=\"elementor-post__title\">\n\t\t\t<a href=\"https:\/\/patadepeektravel.com\/blog\/datos-curiosos-cenotes-casa-tortuga\/\" >\n\t\t\t\tCenotes Casa Tortuga, lo que debes saber antes de visitar\t\t\t<\/a>\n\t\t<\/h3>\n\t\t\n\t\t<a class=\"elementor-post__read-more\" href=\"https:\/\/patadepeektravel.com\/blog\/datos-curiosos-cenotes-casa-tortuga\/\" aria-label=\"Read more about Cenotes Casa Tortuga, lo que debes saber antes de visitar\" tabindex=\"-1\" >\n\t\t\tRead More \u00bb\t\t<\/a>\n\n\t\t\t\t<\/div>\n\t\t\t\t<\/article>\n\t\t\t\t<article class=\"elementor-post elementor-grid-item post-2176 post type-post status-publish format-standard has-post-thumbnail hentry category-recomendaciones category-cancun\" role=\"listitem\">\n\t\t\t\t<a class=\"elementor-post__thumbnail__link\" href=\"https:\/\/patadepeektravel.com\/blog\/jungle-tour-cancun\/\" tabindex=\"-1\" >\n\t\t\t<div class=\"elementor-post__thumbnail\"><img loading=\"lazy\" decoding=\"async\" width=\"300\" height=\"240\" src=\"https:\/\/patadepeektravel.com\/blog\/wp-content\/uploads\/jungle-tours-pareja-300x240.jpeg\" class=\"attachment-medium size-medium wp-image-2296\" alt=\"jungle tours pareja\" title=\"\" srcset=\"https:\/\/patadepeektravel.com\/blog\/wp-content\/uploads\/jungle-tours-pareja-300x240.jpeg 300w, https:\/\/patadepeektravel.com\/blog\/wp-content\/uploads\/jungle-tours-pareja-150x120.jpeg 150w, https:\/\/patadepeektravel.com\/blog\/wp-content\/uploads\/jungle-tours-pareja-15x12.jpeg 15w, https:\/\/patadepeektravel.com\/blog\/wp-content\/uploads\/jungle-tours-pareja.jpeg 510w\" sizes=\"(max-width: 300px) 100vw, 300px\" \/><\/div>\n\t\t<\/a>\n\t\t\t\t<div class=\"elementor-post__text\">\n\t\t\t\t<h3 class=\"elementor-post__title\">\n\t\t\t<a href=\"https:\/\/patadepeektravel.com\/blog\/jungle-tour-cancun\/\" >\n\t\t\t\tEl mejor Jungle Tour Canc\u00fan 2026\t\t\t<\/a>\n\t\t<\/h3>\n\t\t\n\t\t<a class=\"elementor-post__read-more\" href=\"https:\/\/patadepeektravel.com\/blog\/jungle-tour-cancun\/\" aria-label=\"Read more about El mejor Jungle Tour Canc\u00fan 2026\" tabindex=\"-1\" >\n\t\t\tRead More \u00bb\t\t<\/a>\n\n\t\t\t\t<\/div>\n\t\t\t\t<\/article>\n\t\t\t\t<article class=\"elementor-post elementor-grid-item post-59 post type-post status-publish format-standard has-post-thumbnail hentry category-cancun category-recomendaciones\" role=\"listitem\">\n\t\t\t\t<a class=\"elementor-post__thumbnail__link\" href=\"https:\/\/patadepeektravel.com\/blog\/mejores-tours-en-cancun\/\" tabindex=\"-1\" >\n\t\t\t<div class=\"elementor-post__thumbnail\"><img loading=\"lazy\" decoding=\"async\" width=\"300\" height=\"200\" src=\"https:\/\/patadepeektravel.com\/blog\/wp-content\/uploads\/los-5-mejores-tours-de-cancun-300x200.png\" class=\"attachment-medium size-medium wp-image-479\" alt=\"los 5 mejores tours de cancun\" title=\"\" srcset=\"https:\/\/patadepeektravel.com\/blog\/wp-content\/uploads\/los-5-mejores-tours-de-cancun-300x200.png 300w, https:\/\/patadepeektravel.com\/blog\/wp-content\/uploads\/los-5-mejores-tours-de-cancun-1024x683.png 1024w, https:\/\/patadepeektravel.com\/blog\/wp-content\/uploads\/los-5-mejores-tours-de-cancun-150x100.png 150w, https:\/\/patadepeektravel.com\/blog\/wp-content\/uploads\/los-5-mejores-tours-de-cancun-768x512.png 768w, https:\/\/patadepeektravel.com\/blog\/wp-content\/uploads\/los-5-mejores-tours-de-cancun-1536x1024.png 1536w, https:\/\/patadepeektravel.com\/blog\/wp-content\/uploads\/los-5-mejores-tours-de-cancun-2048x1365.png 2048w\" sizes=\"(max-width: 300px) 100vw, 300px\" \/><\/div>\n\t\t<\/a>\n\t\t\t\t<div class=\"elementor-post__text\">\n\t\t\t\t<h3 class=\"elementor-post__title\">\n\t\t\t<a href=\"https:\/\/patadepeektravel.com\/blog\/mejores-tours-en-cancun\/\" >\n\t\t\t\tTop los 5 mejores tours en canc\u00fan\t\t\t<\/a>\n\t\t<\/h3>\n\t\t\n\t\t<a class=\"elementor-post__read-more\" href=\"https:\/\/patadepeektravel.com\/blog\/mejores-tours-en-cancun\/\" aria-label=\"Read more about Top los 5 mejores tours en canc\u00fan\" tabindex=\"-1\" >\n\t\t\tRead More \u00bb\t\t<\/a>\n\n\t\t\t\t<\/div>\n\t\t\t\t<\/article>\n\t\t\t\t<article class=\"elementor-post elementor-grid-item post-3017 post type-post status-publish format-standard has-post-thumbnail hentry category-cancun category-recomendaciones\" role=\"listitem\">\n\t\t\t\t<a class=\"elementor-post__thumbnail__link\" href=\"https:\/\/patadepeektravel.com\/blog\/parasailing-en-cancun\/\" tabindex=\"-1\" >\n\t\t\t<div class=\"elementor-post__thumbnail\"><img loading=\"lazy\" decoding=\"async\" width=\"300\" height=\"300\" src=\"https:\/\/patadepeektravel.com\/blog\/wp-content\/uploads\/parasailing-cancun-1-300x300.png\" class=\"attachment-medium size-medium wp-image-3018\" alt=\"parasailing canc\u00fan\" title=\"\" srcset=\"https:\/\/patadepeektravel.com\/blog\/wp-content\/uploads\/parasailing-cancun-1-300x300.png 300w, https:\/\/patadepeektravel.com\/blog\/wp-content\/uploads\/parasailing-cancun-1-150x150.png 150w, https:\/\/patadepeektravel.com\/blog\/wp-content\/uploads\/parasailing-cancun-1-768x768.png 768w, https:\/\/patadepeektravel.com\/blog\/wp-content\/uploads\/parasailing-cancun-1-12x12.png 12w, https:\/\/patadepeektravel.com\/blog\/wp-content\/uploads\/parasailing-cancun-1.png 800w\" sizes=\"(max-width: 300px) 100vw, 300px\" \/><\/div>\n\t\t<\/a>\n\t\t\t\t<div class=\"elementor-post__text\">\n\t\t\t\t<h3 class=\"elementor-post__title\">\n\t\t\t<a href=\"https:\/\/patadepeektravel.com\/blog\/parasailing-en-cancun\/\" >\n\t\t\t\tAlcanza las Alturas con el Mejor Parasailing en Canc\u00fan\t\t\t<\/a>\n\t\t<\/h3>\n\t\t\n\t\t<a class=\"elementor-post__read-more\" href=\"https:\/\/patadepeektravel.com\/blog\/parasailing-en-cancun\/\" aria-label=\"Read more about Alcanza las Alturas con el Mejor Parasailing en Canc\u00fan\" tabindex=\"-1\" >\n\t\t\tRead More \u00bb\t\t<\/a>\n\n\t\t\t\t<\/div>\n\t\t\t\t<\/article>\n\t\t\t\t<\/div>\n\t\t\n\t\t\t\t\t\t<\/div>\n\t\t\t\t<\/div>\n\t\t\t\t\t<\/div>\n\t\t<\/div>\n\t\t\t\t\t<\/div>\n\t\t<\/section>\n\t\t\t\t<\/div>\n\t\t<div style='text-align:right' class='yasr-auto-insert-visitor'><\/div>","protected":false},"excerpt":{"rendered":"<p>Canc\u00fan Xplor 2026 Viviendo la Aventura al M\u00e1ximo Canc\u00fan Aventuras Mayas 2026 el Mejor Tour de la Rivera Maya Canc\u00fan 2026 \u00bfQu\u00e9 Hacer en Canc\u00fan<\/p>\n","protected":false},"author":1,"featured_media":11,"parent":0,"menu_order":0,"comment_status":"closed","ping_status":"closed","template":"","meta":{"yasr_overall_rating":0,"yasr_post_is_review":"","yasr_auto_insert_disabled":"","yasr_review_type":"","footnotes":""},"class_list":["post-56","page","type-page","status-publish","has-post-thumbnail","hentry"],"yasr_visitor_votes":{"stars_attributes":{"read_only":false,"span_bottom":false},"number_of_votes":1,"sum_votes":3},"_links":{"self":[{"href":"https:\/\/patadepeektravel.com\/blog\/wp-json\/wp\/v2\/pages\/56","targetHints":{"allow":["GET"]}}],"collection":[{"href":"https:\/\/patadepeektravel.com\/blog\/wp-json\/wp\/v2\/pages"}],"about":[{"href":"https:\/\/patadepeektravel.com\/blog\/wp-json\/wp\/v2\/types\/page"}],"author":[{"embeddable":true,"href":"https:\/\/patadepeektravel.com\/blog\/wp-json\/wp\/v2\/users\/1"}],"replies":[{"embeddable":true,"href":"https:\/\/patadepeektravel.com\/blog\/wp-json\/wp\/v2\/comments?post=56"}],"version-history":[{"count":6,"href":"https:\/\/patadepeektravel.com\/blog\/wp-json\/wp\/v2\/pages\/56\/revisions"}],"predecessor-version":[{"id":3433,"href":"https:\/\/patadepeektravel.com\/blog\/wp-json\/wp\/v2\/pages\/56\/revisions\/3433"}],"wp:featuredmedia":[{"embeddable":true,"href":"https:\/\/patadepeektravel.com\/blog\/wp-json\/wp\/v2\/media\/11"}],"wp:attachment":[{"href":"https:\/\/patadepeektravel.com\/blog\/wp-json\/wp\/v2\/media?parent=56"}],"curies":[{"name":"wp","href":"https:\/\/api.w.org\/{rel}","templated":true}]}}